{"id":9,"date":"2023-03-28T07:13:36","date_gmt":"2023-03-28T07:13:36","guid":{"rendered":"https:\/\/wereldvanwarm.be\/?page_id=9"},"modified":"2025-04-23T06:04:03","modified_gmt":"2025-04-23T06:04:03","slug":"home","status":"publish","type":"page","link":"https:\/\/wereldvanwarm.be\/fr\/","title":{"rendered":"Page d'accueil"},"content":{"rendered":"<style>\/*! elementor - v3.11.5 - 14-03-2023 *\/\n.elementor-heading-title{padding:0;margin:0;line-height:1}.elementor-widget-heading .elementor-heading-title[class*=elementor-size-]>a{color:inherit;font-size:inherit;line-height:inherit}.elementor-widget-heading .elementor-heading-title.elementor-size-small{font-size:15px}.elementor-widget-heading .elementor-heading-title.elementor-size-medium{font-size:19px}.elementor-widget-heading .elementor-heading-title.elementor-size-large{font-size:29px}.elementor-widget-heading .elementor-heading-title.elementor-size-xl{font-size:39px}.elementor-widget-heading .elementor-heading-title.elementor-size-xxl{font-size:59px}<\/style>\n<h2>Bienvenue chez <br \/> Wereld van Warm!<br \/>\n<\/h2>\n<p>\t\t\t<a href=\"https:\/\/forms.office.com\/Pages\/ResponsePage.aspx?id=u3JOjEE960a_rEmc0p9WYuuRnfYxa0lDju50rm6rZ-dUNVdSM0NTTFkzWkxQOUpaTVlZWE8yTlZGVC4u\" role=\"button\"><br \/>\n\t\t\t\t\t\tS'abonner \u00e0 la lettre d'information<br \/>\n\t\t\t\t\t<\/a><\/p>\n<style>\/*! elementor - v3.11.5 - 14-03-2023 *\/\n.elementor-column .elementor-spacer-inner{height:var(--spacer-size)}.e-con{--container-widget-width:100%}.e-con-inner>.elementor-widget-spacer,.e-con>.elementor-widget-spacer{width:var(--container-widget-width,var(--spacer-size));--align-self:var(--container-widget-align-self,initial);--flex-shrink:0}.e-con-inner>.elementor-widget-spacer>.elementor-widget-container,.e-con-inner>.elementor-widget-spacer>.elementor-widget-container>.elementor-spacer,.e-con>.elementor-widget-spacer>.elementor-widget-container,.e-con>.elementor-widget-spacer>.elementor-widget-container>.elementor-spacer{height:100%}.e-con-inner>.elementor-widget-spacer>.elementor-widget-container>.elementor-spacer>.elementor-spacer-inner,.e-con>.elementor-widget-spacer>.elementor-widget-container>.elementor-spacer>.elementor-spacer-inner{height:var(--container-widget-height,var(--spacer-size))}<\/style>\n<h1>Bienvenue!<\/h1>\n<p class=\" translation-block\">De wereld van Warm est un espace o\u00f9 les enfants peuvent profiter d'un environnement s\u00fbr, \u00e9ducatif et affectueux. Notre \u00e9quipe est pr\u00eate \u00e0 accueillir vos enfants dans un environnement amusant et utile. Nos services de garde d'enfants sont fond\u00e9s sur les principes de respect, de responsabilit\u00e9 et d'ouverture. Nous proposons une vari\u00e9t\u00e9 d'activit\u00e9s o\u00f9 les enfants peuvent apprendre, jouer, exprimer leur cr\u00e9ativit\u00e9 et travailler ensemble.  Notre objectif est d'aider vos enfants \u00e0 renforcer leur confiance en soi, \u00e0 am\u00e9liorer leurs comp\u00e9tences sociales et \u00e0 encourager leur d\u00e9veloppement personnel. Notre \u00e9quipe sera toujours \u00e0 l'\u00e9coute de vos enfants pour les aider \u00e0 apprendre et \u00e0 d\u00e9couvrir leur propre potentiel. Nous vous invitons sinc\u00e8rement \u00e0 venir visiter notre cr\u00e8che. Vous \u00eates toujours les bienvenus pour une visite sans engagement et pour voir nos installations. Nous esp\u00e9rons que vos enfants se sentiront \u00e0 l'aise dans notre cr\u00e8che et qu'ils s'y amuseront beaucoup!<\/p>\n<style>\/*! elementor - v3.11.5 - 14-03-2023 *\/\n.elementor-widget-image{text-align:center}.elementor-widget-image a{display:inline-block}.elementor-widget-image a img[src$=\".svg\"]{width:48px}.elementor-widget-image img{vertical-align:middle;display:inline-block}<\/style>\n<p>\t\t\t\t\t\t\t\t\t\t\t\t<img decoding=\"async\" width=\"800\" height=\"534\" src=\"http:\/\/wereldvanwarm.be\/wp-content\/uploads\/2023\/05\/mother-reading-to-her-baby-boy-2022-03-04-02-24-43-utc-1024x683.jpg\" alt=\"\" loading=\"lazy\" srcset=\"https:\/\/wereldvanwarm.be\/wp-content\/uploads\/2023\/05\/mother-reading-to-her-baby-boy-2022-03-04-02-24-43-utc-1024x683.jpg 1024w, https:\/\/wereldvanwarm.be\/wp-content\/uploads\/2023\/05\/mother-reading-to-her-baby-boy-2022-03-04-02-24-43-utc-300x200.jpg 300w, https:\/\/wereldvanwarm.be\/wp-content\/uploads\/2023\/05\/mother-reading-to-her-baby-boy-2022-03-04-02-24-43-utc-768x512.jpg 768w, https:\/\/wereldvanwarm.be\/wp-content\/uploads\/2023\/05\/mother-reading-to-her-baby-boy-2022-03-04-02-24-43-utc-1536x1024.jpg 1536w, https:\/\/wereldvanwarm.be\/wp-content\/uploads\/2023\/05\/mother-reading-to-her-baby-boy-2022-03-04-02-24-43-utc-2048x1365.jpg 2048w\" sizes=\"auto, (max-width: 800px) 100vw, 800px\" \/><br \/>\n\t\t\t\t\t\t\t\t\t\t\t\t\t\t\t<img decoding=\"async\" width=\"800\" height=\"534\" src=\"http:\/\/wereldvanwarm.be\/wp-content\/uploads\/2023\/05\/baby-in-a-park-2022-03-07-23-55-51-utc-1024x683.jpg\" alt=\"\" loading=\"lazy\" srcset=\"https:\/\/wereldvanwarm.be\/wp-content\/uploads\/2023\/05\/baby-in-a-park-2022-03-07-23-55-51-utc-1024x683.jpg 1024w, https:\/\/wereldvanwarm.be\/wp-content\/uploads\/2023\/05\/baby-in-a-park-2022-03-07-23-55-51-utc-300x200.jpg 300w, https:\/\/wereldvanwarm.be\/wp-content\/uploads\/2023\/05\/baby-in-a-park-2022-03-07-23-55-51-utc-768x512.jpg 768w, https:\/\/wereldvanwarm.be\/wp-content\/uploads\/2023\/05\/baby-in-a-park-2022-03-07-23-55-51-utc-1536x1024.jpg 1536w, https:\/\/wereldvanwarm.be\/wp-content\/uploads\/2023\/05\/baby-in-a-park-2022-03-07-23-55-51-utc-2048x1365.jpg 2048w\" sizes=\"auto, (max-width: 800px) 100vw, 800px\" \/><br \/>\n\t\t\t\t\t\t\t\t\t\t\t\t\t\t\t<img decoding=\"async\" width=\"800\" height=\"534\" src=\"http:\/\/wereldvanwarm.be\/wp-content\/uploads\/2023\/05\/father-and-his-baby-daughter-at-home-2022-02-02-03-47-41-utc-1-1024x683.jpg\" alt=\"\" loading=\"lazy\" srcset=\"https:\/\/wereldvanwarm.be\/wp-content\/uploads\/2023\/05\/father-and-his-baby-daughter-at-home-2022-02-02-03-47-41-utc-1-1024x683.jpg 1024w, https:\/\/wereldvanwarm.be\/wp-content\/uploads\/2023\/05\/father-and-his-baby-daughter-at-home-2022-02-02-03-47-41-utc-1-300x200.jpg 300w, https:\/\/wereldvanwarm.be\/wp-content\/uploads\/2023\/05\/father-and-his-baby-daughter-at-home-2022-02-02-03-47-41-utc-1-768x512.jpg 768w, https:\/\/wereldvanwarm.be\/wp-content\/uploads\/2023\/05\/father-and-his-baby-daughter-at-home-2022-02-02-03-47-41-utc-1-1536x1024.jpg 1536w, https:\/\/wereldvanwarm.be\/wp-content\/uploads\/2023\/05\/father-and-his-baby-daughter-at-home-2022-02-02-03-47-41-utc-1-2048x1365.jpg 2048w\" sizes=\"auto, (max-width: 800px) 100vw, 800px\" \/>\t\t\t\t\t\t\t\t\t\t\t\t\t\t\t<\/p>\n<h3>1. La s\u00e9curit\u00e9<\/h3>\n<p>L'accent est mis sur un environnement s\u00fbr et s\u00e9curis\u00e9 pour votre enfant, o\u00f9 il peut \u00eatre compl\u00e8tement lui-m\u00eame et d\u00e9velopper sa confiance en lui.<\/p>\n<h3>2. Voyage de d\u00e9couverte<\/h3>\n<p>Nous encourageons votre enfant \u00e0 explorer, partir \u00e0 la d\u00e9couverte et regarder le monde qui l'entoure avec \u00e9merveillement. Nous les stimulons en favorisant l'\u00e9tablissement de connexions, l'apprentissage des divers aspects du monde et le d\u00e9veloppement de comp\u00e9tences sociales.\u00a0<\/p>\n<h3>3. Autocognition<\/h3>\n<p>Nous encourageons votre enfant \u00e0 apprendre \u00e0 se conna\u00eetre, \u00e0 prendre conscience de ses pr\u00e9f\u00e9rences, de son environnement et de son identit\u00e9.&nbsp;<\/p>\n<h2>En collaboration avec<\/h2>\n<p>\t\t\t\t\t\t\t\t\t\t\t\t\t\t\t<img decoding=\"async\" width=\"150\" height=\"150\" src=\"http:\/\/wereldvanwarm.be\/wp-content\/uploads\/2023\/03\/logowing-150x150.png\" alt=\"\" loading=\"lazy\" \/>\t\t\t\t\t\t\t\t\t\t\t\t\t\t\t<\/p>\n<p>Chez Wingparent, nous veillons \u00e0 ce que vous, l'organisateur, n'ayez aucun souci \u00e0 vous faire. Nous veillons \u00e0 ce que vous puissiez vous occuper des enfants sans avoir \u00e0 vous soucier des probl\u00e8mes administratifs ou op\u00e9rationnels. \nNous proposons principalement les services suivants : service de supermarch\u00e9, soutien administratif, soutien RH, soutien comptable, soutien \u00e0 la gestion, soutien \u00e0 l'expansion et soutien num\u00e9rique. Vous \u00eates int\u00e9ress\u00e9 par l'un de nos services ou vous avez une question ? N'h\u00e9sitez pas \u00e0 nous contacter !<\/p>\n<p>\t\t\t\t\t\t\t\t\t\t\t\t\t\t\t<img decoding=\"async\" width=\"150\" height=\"150\" src=\"http:\/\/wereldvanwarm.be\/wp-content\/uploads\/2023\/06\/logowingkind2806-150x150.png\" alt=\"\" loading=\"lazy\" \/>\t\t\t\t\t\t\t\t\t\t\t\t\t\t\t<\/p>\n<p>Wingkind est con\u00e7u pour simplifier et optimiser la gestion d'une cr\u00e8che. Notre logiciel aide \u00e0 simplifier toutes les t\u00e2ches, de la planification \u00e0 la facturation, et facilite m\u00eame la communication avec les parents.<\/p>\n<p>Avec les fonctionnalit\u00e9s de Wingkind, les cr\u00e8ches peuvent facilement g\u00e9rer la pr\u00e9sence, le personnel et m\u00eame la conformit\u00e9 aux r\u00e9glementations gouvernementales. Notre logiciel comprend \u00e9galement des options pour suivre les repas, les siestes et les activit\u00e9s, ainsi qu'un g\u00e9n\u00e9rateur de rapports complet pour des objectifs de suivi.<\/p>\n<p>\u00a0<\/p>","protected":false},"excerpt":{"rendered":"<p>Welkom op de website van Wereld van Warm! Abonneer nu op onze nieuwsbrief Welkom! De wereld van Warm is een plek waar kinderen kunnen genieten van een veilige, leerzame en liefdevolle omgeving. Ons team staat klaar om uw kinderen te verwelkomen in een plezierige en nuttige omgeving. Onze kinderopvang is gebaseerd op principes van respect, [&hellip;]<\/p>","protected":false},"author":1,"featured_media":0,"parent":0,"menu_order":0,"comment_status":"closed","ping_status":"closed","template":"","meta":{"footnotes":""},"class_list":["post-9","page","type-page","status-publish","hentry"],"_links":{"self":[{"href":"https:\/\/wereldvanwarm.be\/fr\/wp-json\/wp\/v2\/pages\/9","targetHints":{"allow":["GET"]}}],"collection":[{"href":"https:\/\/wereldvanwarm.be\/fr\/wp-json\/wp\/v2\/pages"}],"about":[{"href":"https:\/\/wereldvanwarm.be\/fr\/wp-json\/wp\/v2\/types\/page"}],"author":[{"embeddable":true,"href":"https:\/\/wereldvanwarm.be\/fr\/wp-json\/wp\/v2\/users\/1"}],"replies":[{"embeddable":true,"href":"https:\/\/wereldvanwarm.be\/fr\/wp-json\/wp\/v2\/comments?post=9"}],"version-history":[{"count":142,"href":"https:\/\/wereldvanwarm.be\/fr\/wp-json\/wp\/v2\/pages\/9\/revisions"}],"predecessor-version":[{"id":584,"href":"https:\/\/wereldvanwarm.be\/fr\/wp-json\/wp\/v2\/pages\/9\/revisions\/584"}],"wp:attachment":[{"href":"https:\/\/wereldvanwarm.be\/fr\/wp-json\/wp\/v2\/media?parent=9"}],"curies":[{"name":"wp","href":"https:\/\/api.w.org\/{rel}","templated":true}]}}