{"id":401,"date":"2023-05-17T09:25:13","date_gmt":"2023-05-17T09:25:13","guid":{"rendered":"https:\/\/wereldvanwarm.be\/?page_id=401"},"modified":"2024-10-21T09:54:19","modified_gmt":"2024-10-21T09:54:19","slug":"voor-ouders","status":"publish","type":"page","link":"https:\/\/wereldvanwarm.be\/fr\/voor-ouders\/","title":{"rendered":"Pour les parents"},"content":{"rendered":"<style>\/*! elementor - v3.15.0 - 20-08-2023 *\/\n.elementor-column .elementor-spacer-inner{height:var(--spacer-size)}.e-con{--container-widget-width:100%}.e-con-inner>.elementor-widget-spacer,.e-con>.elementor-widget-spacer{width:var(--container-widget-width,var(--spacer-size));--align-self:var(--container-widget-align-self,initial);--flex-shrink:0}.e-con-inner>.elementor-widget-spacer>.elementor-widget-container,.e-con-inner>.elementor-widget-spacer>.elementor-widget-container>.elementor-spacer,.e-con>.elementor-widget-spacer>.elementor-widget-container,.e-con>.elementor-widget-spacer>.elementor-widget-container>.elementor-spacer{height:100%}.e-con-inner>.elementor-widget-spacer>.elementor-widget-container>.elementor-spacer>.elementor-spacer-inner,.e-con>.elementor-widget-spacer>.elementor-widget-container>.elementor-spacer>.elementor-spacer-inner{height:var(--container-widget-height,var(--spacer-size))}<\/style>\n<p><strong>Aide aux parents<\/strong><\/p>\n<p>De komst van een nieuwe schat betekent ook een zware bijkomende inspanning \u00e9n verantwoordelijkheid voor de ouders. Daarom ondersteunt de Wereld van Warm ook U. Hoe? Bv door op vrijdag kindermaaltijden mee te geven voor thuis, door gespecialiseerde ouderopleidingen (EHBO van babies, potjestraining enz), door verjaardagsfeestjes te organiseren in het weekend \u2026<\/p>\n<p><strong>Coop\u00e9ration avec les parents<\/strong><\/p>\n<p>En plus de vous parler fr\u00e9quemment, vous pouvez \u00e9galement soutenir activement le 'travail' du Wereld van Warm \u00e0 la maison. Comment faire ? Parlez \u00e0 votre enfant de sa journ\u00e9e \u00e0 Wereld van Warm. Qu'avez-vous fait? La nourriture \u00e9tait-elle savoureuse? Avez-vous jou\u00e9 dans le jardin? Il est important de lire, \u00e0 l'heure du coucher, une histoire tir\u00e9e de notre livre pour enfants. Ces histoires reprennent ce qui est racont\u00e9 chez Wereld van Warm.<\/p>","protected":false},"excerpt":{"rendered":"<p>Steun voor de ouders De komst van een nieuwe schat betekent ook een zware bijkomende inspanning \u00e9n verantwoordelijkheid voor de ouders. Daarom ondersteunt de Wereld van Warm ook U. Hoe? Bv door op vrijdag kindermaaltijden mee te geven voor thuis, door gespecialiseerde ouderopleidingen (EHBO van babies, potjestraining enz), door verjaardagsfeestjes te organiseren in het weekend [&hellip;]<\/p>","protected":false},"author":1,"featured_media":0,"parent":0,"menu_order":0,"comment_status":"closed","ping_status":"closed","template":"","meta":{"footnotes":""},"class_list":["post-401","page","type-page","status-publish","hentry"],"_links":{"self":[{"href":"https:\/\/wereldvanwarm.be\/fr\/wp-json\/wp\/v2\/pages\/401","targetHints":{"allow":["GET"]}}],"collection":[{"href":"https:\/\/wereldvanwarm.be\/fr\/wp-json\/wp\/v2\/pages"}],"about":[{"href":"https:\/\/wereldvanwarm.be\/fr\/wp-json\/wp\/v2\/types\/page"}],"author":[{"embeddable":true,"href":"https:\/\/wereldvanwarm.be\/fr\/wp-json\/wp\/v2\/users\/1"}],"replies":[{"embeddable":true,"href":"https:\/\/wereldvanwarm.be\/fr\/wp-json\/wp\/v2\/comments?post=401"}],"version-history":[{"count":11,"href":"https:\/\/wereldvanwarm.be\/fr\/wp-json\/wp\/v2\/pages\/401\/revisions"}],"predecessor-version":[{"id":838,"href":"https:\/\/wereldvanwarm.be\/fr\/wp-json\/wp\/v2\/pages\/401\/revisions\/838"}],"wp:attachment":[{"href":"https:\/\/wereldvanwarm.be\/fr\/wp-json\/wp\/v2\/media?parent=401"}],"curies":[{"name":"wp","href":"https:\/\/api.w.org\/{rel}","templated":true}]}}