{"id":335,"date":"2023-05-17T07:50:38","date_gmt":"2023-05-17T07:50:38","guid":{"rendered":"https:\/\/wereldvanwarm.be\/?page_id=335"},"modified":"2026-02-12T09:38:44","modified_gmt":"2026-02-12T09:38:44","slug":"tervuren","status":"publish","type":"page","link":"https:\/\/wereldvanwarm.be\/fr\/tervuren\/","title":{"rendered":"Tervuren"},"content":{"rendered":"<style>\/*! elementor - v3.16.0 - 09-10-2023 *\/<br \/>\n.elementor-column .elementor-spacer-inner{height:var(--spacer-size)}.e-con{--container-widget-width:100%}.e-con-inner>.elementor-widget-spacer,.e-con>.elementor-widget-spacer{width:var(--container-widget-width,var(--spacer-size));--align-self:var(--container-widget-align-self,initial);--flex-shrink:0}.e-con-inner>.elementor-widget-spacer>.elementor-widget-container,.e-con>.elementor-widget-spacer>.elementor-widget-container{height:100%;width:100%}.e-con-inner>.elementor-widget-spacer>.elementor-widget-container>.elementor-spacer,.e-con>.elementor-widget-spacer>.elementor-widget-container>.elementor-spacer{height:100%}.e-con-inner>.elementor-widget-spacer>.elementor-widget-container>.elementor-spacer>.elementor-spacer-inner,.e-con>.elementor-widget-spacer>.elementor-widget-container>.elementor-spacer>.elementor-spacer-inner{height:var(--container-widget-height,var(--spacer-size))}.e-con-inner>.elementor-widget-spacer.elementor-widget-empty,.e-con>.elementor-widget-spacer.elementor-widget-empty{position:relative;min-height:22px;min-width:22px}.e-con-inner>.elementor-widget-spacer.elementor-widget-empty .elementor-widget-empty-icon,.e-con>.elementor-widget-spacer.elementor-widget-empty .elementor-widget-empty-icon{position:absolute;top:0;bottom:0;left:0;right:0;margin:auto;padding:0;width:22px;height:22px}<\/style>\n<style>\/*! elementor - v3.16.0 - 09-10-2023 *\/<br \/>\n.elementor-heading-title{padding:0;margin:0;line-height:1}.elementor-widget-heading .elementor-heading-title[class*=elementor-size-]>a{color:inherit;font-size:inherit;line-height:inherit}.elementor-widget-heading .elementor-heading-title.elementor-size-small{font-size:15px}.elementor-widget-heading .elementor-heading-title.elementor-size-medium{font-size:19px}.elementor-widget-heading .elementor-heading-title.elementor-size-large{font-size:29px}.elementor-widget-heading .elementor-heading-title.elementor-size-xl{font-size:39px}.elementor-widget-heading .elementor-heading-title.elementor-size-xxl{font-size:59px}<\/style>\n<h2>Tervuren<\/h2>\n<p><a href=\"http:\/\/wereldvanwarm.be\/wp-content\/uploads\/2023\/11\/De-wereld-van-warm-HHR-IKT-20231001-Klein-Kapoentje-Tervuren-.pdf\"><br \/>\n<\/a><a href=\"http:\/\/wereldvanwarm.be\/wp-content\/uploads\/2026\/02\/HHR-IKT-Land-van-Tervuren-versie-01.08.2025.pdf\">Huishoudelijk reglement \u2013 NEDERLANDS \u2013 officieel<\/a><a href=\"http:\/\/wereldvanwarm.be\/wp-content\/uploads\/2023\/11\/De-wereld-van-warm-HHR-IKT-20231001-Klein-Kapoentje-Tervuren-.pdf\"><br \/>\n<\/a><\/p>\n<p><b>Welkom<\/b> op onze mooie locatie in Tervuren in de Wandelaarsstraat, gelegen op ongeveer 9 kilometer van de E40.\u00a0 Hier kunnen de kinderen zich naar hartenlust vermaken en zichzelf ontwikkelen op hun eigen tempo.<\/p>\n<style>\/*! elementor - v3.16.0 - 09-10-2023 *\/<br \/>\n.elementor-image-gallery .gallery-item{display:inline-block;text-align:center;vertical-align:top;width:100%;max-width:100%;margin:0 auto}.elementor-image-gallery .gallery-item img{margin:0 auto}.elementor-image-gallery .gallery-item .gallery-caption{margin:0}.elementor-image-gallery figure img{display:block}.elementor-image-gallery figure figcaption{width:100%}.gallery-spacing-custom .elementor-image-gallery .gallery-icon{padding:0}@media (min-width:768px){.elementor-image-gallery .gallery-columns-2 .gallery-item{max-width:50%}.elementor-image-gallery .gallery-columns-3 .gallery-item{max-width:33.33%}.elementor-image-gallery .gallery-columns-4 .gallery-item{max-width:25%}.elementor-image-gallery .gallery-columns-5 .gallery-item{max-width:20%}.elementor-image-gallery .gallery-columns-6 .gallery-item{max-width:16.666%}.elementor-image-gallery .gallery-columns-7 .gallery-item{max-width:14.28%}.elementor-image-gallery .gallery-columns-8 .gallery-item{max-width:12.5%}.elementor-image-gallery .gallery-columns-9 .gallery-item{max-width:11.11%}.elementor-image-gallery .gallery-columns-10 .gallery-item{max-width:10%}}@media (min-width:480px) and (max-width:767px){.elementor-image-gallery .gallery.gallery-columns-2 .gallery-item,.elementor-image-gallery .gallery.gallery-columns-3 .gallery-item,.elementor-image-gallery .gallery.gallery-columns-4 .gallery-item,.elementor-image-gallery .gallery.gallery-columns-5 .gallery-item,.elementor-image-gallery .gallery.gallery-columns-6 .gallery-item,.elementor-image-gallery .gallery.gallery-columns-7 .gallery-item,.elementor-image-gallery .gallery.gallery-columns-8 .gallery-item,.elementor-image-gallery .gallery.gallery-columns-9 .gallery-item,.elementor-image-gallery .gallery.gallery-columns-10 .gallery-item{max-width:50%}}@media (max-width:479px){.elementor-image-gallery .gallery.gallery-columns-2 .gallery-item,.elementor-image-gallery .gallery.gallery-columns-3 .gallery-item,.elementor-image-gallery .gallery.gallery-columns-4 .gallery-item,.elementor-image-gallery .gallery.gallery-columns-5 .gallery-item,.elementor-image-gallery .gallery.gallery-columns-6 .gallery-item,.elementor-image-gallery .gallery.gallery-columns-7 .gallery-item,.elementor-image-gallery .gallery.gallery-columns-8 .gallery-item,.elementor-image-gallery .gallery.gallery-columns-9 .gallery-item,.elementor-image-gallery .gallery.gallery-columns-10 .gallery-item{max-width:100%}}<\/style>\n<figure class=\"gallery-item\"><a href=\"http:\/\/wereldvanwarm.be\/wp-content\/uploads\/2023\/12\/WhatsApp-Image-2023-12-07-at-09.56.17.jpeg\" data-elementor-open-lightbox=\"yes\" data-elementor-lightbox-slideshow=\"657b6e8\" data-elementor-lightbox-title=\"WhatsApp Image 2023-12-07 at 09.56.17\" data-e-action-hash=\"#elementor-action%3Aaction%3Dlightbox%26settings%3DeyJpZCI6OTA3LCJ1cmwiOiJodHRwOlwvXC93ZXJlbGR2YW53YXJtLmJlXC93cC1jb250ZW50XC91cGxvYWRzXC8yMDIzXC8xMlwvV2hhdHNBcHAtSW1hZ2UtMjAyMy0xMi0wNy1hdC0wOS41Ni4xNy5qcGVnIiwic2xpZGVzaG93IjoiNjU3YjZlOCJ9\"><img loading=\"lazy\" decoding=\"async\" src=\"http:\/\/wereldvanwarm.be\/wp-content\/uploads\/2023\/12\/WhatsApp-Image-2023-12-07-at-09.56.17-300x135.jpeg\" sizes=\"auto, (max-width: 300px) 100vw, 300px\" srcset=\"https:\/\/wereldvanwarm.be\/wp-content\/uploads\/2023\/12\/WhatsApp-Image-2023-12-07-at-09.56.17-300x135.jpeg 300w, https:\/\/wereldvanwarm.be\/wp-content\/uploads\/2023\/12\/WhatsApp-Image-2023-12-07-at-09.56.17-1024x461.jpeg 1024w, https:\/\/wereldvanwarm.be\/wp-content\/uploads\/2023\/12\/WhatsApp-Image-2023-12-07-at-09.56.17-768x345.jpeg 768w, https:\/\/wereldvanwarm.be\/wp-content\/uploads\/2023\/12\/WhatsApp-Image-2023-12-07-at-09.56.17-1536x691.jpeg 1536w, https:\/\/wereldvanwarm.be\/wp-content\/uploads\/2023\/12\/WhatsApp-Image-2023-12-07-at-09.56.17-18x8.jpeg 18w, https:\/\/wereldvanwarm.be\/wp-content\/uploads\/2023\/12\/WhatsApp-Image-2023-12-07-at-09.56.17.jpeg 2048w\" alt=\"Buitenspeelruimte van Land van Tervuren\" width=\"300\" height=\"135\" \/><\/a><\/figure>\n<figure class=\"gallery-item\"><a href=\"http:\/\/wereldvanwarm.be\/wp-content\/uploads\/2023\/12\/WhatsApp-Image-2023-12-07-at-09.56.17-1.jpeg\" data-elementor-open-lightbox=\"yes\" data-elementor-lightbox-slideshow=\"657b6e8\" data-elementor-lightbox-title=\"WhatsApp Image 2023-12-07 at 09.56.17 (1)\" data-e-action-hash=\"#elementor-action%3Aaction%3Dlightbox%26settings%3DeyJpZCI6OTA1LCJ1cmwiOiJodHRwOlwvXC93ZXJlbGR2YW53YXJtLmJlXC93cC1jb250ZW50XC91cGxvYWRzXC8yMDIzXC8xMlwvV2hhdHNBcHAtSW1hZ2UtMjAyMy0xMi0wNy1hdC0wOS41Ni4xNy0xLmpwZWciLCJzbGlkZXNob3ciOiI2NTdiNmU4In0%3D\"><img loading=\"lazy\" decoding=\"async\" src=\"http:\/\/wereldvanwarm.be\/wp-content\/uploads\/2023\/12\/WhatsApp-Image-2023-12-07-at-09.56.17-1-300x135.jpeg\" sizes=\"auto, (max-width: 300px) 100vw, 300px\" srcset=\"https:\/\/wereldvanwarm.be\/wp-content\/uploads\/2023\/12\/WhatsApp-Image-2023-12-07-at-09.56.17-1-300x135.jpeg 300w, https:\/\/wereldvanwarm.be\/wp-content\/uploads\/2023\/12\/WhatsApp-Image-2023-12-07-at-09.56.17-1-1024x461.jpeg 1024w, https:\/\/wereldvanwarm.be\/wp-content\/uploads\/2023\/12\/WhatsApp-Image-2023-12-07-at-09.56.17-1-768x345.jpeg 768w, https:\/\/wereldvanwarm.be\/wp-content\/uploads\/2023\/12\/WhatsApp-Image-2023-12-07-at-09.56.17-1-1536x691.jpeg 1536w, https:\/\/wereldvanwarm.be\/wp-content\/uploads\/2023\/12\/WhatsApp-Image-2023-12-07-at-09.56.17-1-18x8.jpeg 18w, https:\/\/wereldvanwarm.be\/wp-content\/uploads\/2023\/12\/WhatsApp-Image-2023-12-07-at-09.56.17-1.jpeg 2048w\" alt=\"Binnenspeelruimte in Land van Tervuren\" width=\"300\" height=\"135\" \/><\/a><\/figure>\n<figure class=\"gallery-item\"><a href=\"http:\/\/wereldvanwarm.be\/wp-content\/uploads\/2023\/12\/WhatsApp-Image-2023-12-07-at-09.56.16.jpeg\" data-elementor-open-lightbox=\"yes\" data-elementor-lightbox-slideshow=\"657b6e8\" data-elementor-lightbox-title=\"WhatsApp Image 2023-12-07 at 09.56.16\" data-e-action-hash=\"#elementor-action%3Aaction%3Dlightbox%26settings%3DeyJpZCI6OTA0LCJ1cmwiOiJodHRwOlwvXC93ZXJlbGR2YW53YXJtLmJlXC93cC1jb250ZW50XC91cGxvYWRzXC8yMDIzXC8xMlwvV2hhdHNBcHAtSW1hZ2UtMjAyMy0xMi0wNy1hdC0wOS41Ni4xNi5qcGVnIiwic2xpZGVzaG93IjoiNjU3YjZlOCJ9\"><img loading=\"lazy\" decoding=\"async\" src=\"http:\/\/wereldvanwarm.be\/wp-content\/uploads\/2023\/12\/WhatsApp-Image-2023-12-07-at-09.56.16-300x135.jpeg\" sizes=\"auto, (max-width: 300px) 100vw, 300px\" srcset=\"https:\/\/wereldvanwarm.be\/wp-content\/uploads\/2023\/12\/WhatsApp-Image-2023-12-07-at-09.56.16-300x135.jpeg 300w, https:\/\/wereldvanwarm.be\/wp-content\/uploads\/2023\/12\/WhatsApp-Image-2023-12-07-at-09.56.16-1024x461.jpeg 1024w, https:\/\/wereldvanwarm.be\/wp-content\/uploads\/2023\/12\/WhatsApp-Image-2023-12-07-at-09.56.16-768x345.jpeg 768w, https:\/\/wereldvanwarm.be\/wp-content\/uploads\/2023\/12\/WhatsApp-Image-2023-12-07-at-09.56.16-1536x691.jpeg 1536w, https:\/\/wereldvanwarm.be\/wp-content\/uploads\/2023\/12\/WhatsApp-Image-2023-12-07-at-09.56.16-18x8.jpeg 18w, https:\/\/wereldvanwarm.be\/wp-content\/uploads\/2023\/12\/WhatsApp-Image-2023-12-07-at-09.56.16.jpeg 2048w\" alt=\"Binnenspeelruimte van Land van Tervuren\" width=\"300\" height=\"135\" \/><\/a><\/figure>\n<h2>Adres &amp; Contactgegevens<\/h2>\n<p>Adres: Wandelaarsstraat 15, 3080 Tervuren<\/p>\n<p>E-mail: inschrijvingen@wereldvanwarm.be<\/p>\n<p>Tel: 0496\/35.37.40<\/p>\n<p>Link: Bekijk deze locatie op Google Maps (opent in nieuw venster) <a href=\"https:\/\/www.google.com\/maps?q=Wandelaarstraat+15+3080+Tervuren\" target=\"_blank\" rel=\"noopener\">https:\/\/www.google.com\/maps?q=Wandelaarstraat+15+3080+Tervuren<\/a><\/p>\n<style>\/*! elementor - v3.16.0 - 09-10-2023 *\/<br \/>\n.elementor-widget-google_maps .elementor-widget-container{overflow:hidden}.elementor-widget-google_maps .elementor-custom-embed{line-height:0}.elementor-widget-google_maps iframe{height:300px}<\/style>\n<p><iframe title=\"Wandelaarsstraat 15, 3080 Tervuren\" src=\"https:\/\/maps.google.com\/maps?q=Wandelaarsstraat%2015%2C%203080%20Tervuren&amp;t=m&amp;z=12&amp;output=embed&amp;iwloc=near\" aria-label=\"Wandelaarsstraat 15, 3080 Tervuren\"><\/iframe><\/p>\n<h2>Onze filosofie<\/h2>\n<p><b>Welkom in de Wereld van warm<\/b> &#8211; Tervuren, waar we streven naar een warme en liefdevolle omgeving voor kinderen van 0 tot 2,5 jaar. Ons kinderdagverblijf is opgezet om ouders te ondersteunen die, om welke reden dan ook, behoefte hebben aan professionele kinderopvang<\/p>\n<p>Bij Wereld van warm baseren we onze dagelijkse zorg op een aantal <b>fundamentele principes<\/b>:<\/p>\n<p><u>1. Respect voor de uniciteit van elk kind:<\/u> Elk kind is uniek, en bij ons staat uw kind centraal. Onze dagindeling, ruimtes, inrichting en speelgoed zijn allemaal afgestemd op de individuele behoeften van uw kind.<\/p>\n<p><u>2. Ritme voor zekerheid en veiligheid: <\/u>We geloven dat ritme kinderen zekerheid, veiligheid en erkenning geeft. Daarom werken we met vaste rituelen en streven we ernaar het ritme van elk kind te respecteren.<\/p>\n<p><u>3. Kindvriendelijke omgeving: <\/u>Ons huis is volledig ingericht met oog voor kindvriendelijkheid. Orde en zorg zijn belangrijke waarden voor ons. De inrichting biedt voldoende bewegingsvrijheid, en we hebben een ruime tuin waar buitenspelen wordt aangemoedigd.<\/p>\n<p><u>4. Stimulering van ontwikkeling:<\/u> We streven ernaar uw kind op speelse wijze te stimuleren op alle ontwikkelingsgebieden. Spel is voor ons een manier van leren, en we moedigen zelfstandigheid en sociale relaties met leeftijdsgenootjes aan.<\/p>\n<p><u>5. Hygi\u00ebne en goede verzorging:<\/u> We hechten veel waarde aan een goede en hygi\u00ebnische verzorging van uw kind. Dagelijks zorgen we voor gevarieerde en aangepaste voeding.<\/p>\n<p><u>6. Oog voor ontwikkeling:<\/u>\u00a0Bij Wereld Van Warm werken we met persoonlijke heen- en weerboekjes waarin we dagelijks alle belangrijke gebeurtenissen noteren. Op die manier willen we een goede communicatie verzekeren. Ouders ontvangen maandelijks een nieuwsbrief en foto&#8217;s van activiteiten.<\/p>\n<p>Bij ons streven we naar een familiale, huiselijke sfeer waarin zowel kinderen als ouders zich op hun gemak voelen. Ontdek de warmte en zorgzaamheid van Chlo\u00e9, Peggy, Iris en Karen!<\/p>\n<style>\/*! elementor - v3.16.0 - 09-10-2023 *\/<br \/>\n.elementor-widget-image{text-align:center}.elementor-widget-image a{display:inline-block}.elementor-widget-image a img[src$=\".svg\"]{width:48px}.elementor-widget-image img{vertical-align:middle;display:inline-block}<\/style>\n<p><img loading=\"lazy\" decoding=\"async\" src=\"http:\/\/wereldvanwarm.be\/wp-content\/uploads\/2023\/05\/mother-reading-to-her-baby-boy-2022-03-04-02-24-43-utc-300x200.jpg\" sizes=\"auto, (max-width: 300px) 100vw, 300px\" srcset=\"https:\/\/wereldvanwarm.be\/wp-content\/uploads\/2023\/05\/mother-reading-to-her-baby-boy-2022-03-04-02-24-43-utc-300x200.jpg 300w, https:\/\/wereldvanwarm.be\/wp-content\/uploads\/2023\/05\/mother-reading-to-her-baby-boy-2022-03-04-02-24-43-utc-1024x683.jpg 1024w, https:\/\/wereldvanwarm.be\/wp-content\/uploads\/2023\/05\/mother-reading-to-her-baby-boy-2022-03-04-02-24-43-utc-768x512.jpg 768w, https:\/\/wereldvanwarm.be\/wp-content\/uploads\/2023\/05\/mother-reading-to-her-baby-boy-2022-03-04-02-24-43-utc-1536x1024.jpg 1536w, https:\/\/wereldvanwarm.be\/wp-content\/uploads\/2023\/05\/mother-reading-to-her-baby-boy-2022-03-04-02-24-43-utc-2048x1365.jpg 2048w\" alt=\"\" width=\"300\" height=\"200\" \/><\/p>\n<h2>Bereikbaarheid<\/h2>\n<p style=\"font-weight: 400;\"><u>Route met de wagen<\/u>: Autostrade E40 volgen, neem afrit Bertem en volg dan de Tervuursesteenweg 8,2 km richting Tervuren. Aan de rotonde neemt u de eerste afslag naar de Leuvensesteenweg. Slaag daarna linksaf in de Kerkstraat, en rijdt rechtdoor op het volgende kruispunt in de Hoornzeelstraat. Slaag daarna linksaf in de Wandelaarsstraat. De bestemming bevindt zich aan uw rechterkant.<\/p>\n<p style=\"font-weight: 400;\"><u>Parkeren:<\/u>\u00a0Dans la rue \"Wadelaarsstraat\", vous pouvez trouver quelques places de parking payantes. Ces places sont payantes de 9h \u00e0 18h. Les 30 premi\u00e8res minutes de stationnement sont gratuites, mais si vous restez plus longtemps, des frais seront appliqu\u00e9s.<\/p>\n<p style=\"font-weight: 400;\"><u>Ik kom met de fiets:<\/u>\u00a0Vous pouvez temporairement garer votre v\u00e9lo dans la cour de la cr\u00e8che. Ouvrez le portillon et n'oubliez pas de le refermer apr\u00e8s avoir stationn\u00e9 votre v\u00e9lo.<\/p>\n<h2>Distance des \u00e9coles \u00e0 proximit\u00e9<\/h2>\n<style>\/*! elementor - v3.16.0 - 09-10-2023 *\/<br \/>\n.elementor-accordion{text-align:left}.elementor-accordion .elementor-accordion-item{border:1px solid #d5d8dc}.elementor-accordion .elementor-accordion-item+.elementor-accordion-item{border-top:none}.elementor-accordion .elementor-tab-title{margin:0;padding:15px 20px;font-weight:700;line-height:1;cursor:pointer;outline:none}.elementor-accordion .elementor-tab-title .elementor-accordion-icon{display:inline-block;width:1.5em}.elementor-accordion .elementor-tab-title .elementor-accordion-icon svg{width:1em;height:1em}.elementor-accordion .elementor-tab-title .elementor-accordion-icon.elementor-accordion-icon-right{float:right;text-align:right}.elementor-accordion .elementor-tab-title .elementor-accordion-icon.elementor-accordion-icon-left{float:left;text-align:left}.elementor-accordion .elementor-tab-title .elementor-accordion-icon .elementor-accordion-icon-closed{display:block}.elementor-accordion .elementor-tab-title .elementor-accordion-icon .elementor-accordion-icon-opened,.elementor-accordion .elementor-tab-title.elementor-active .elementor-accordion-icon-closed{display:none}.elementor-accordion .elementor-tab-title.elementor-active .elementor-accordion-icon-opened{display:block}.elementor-accordion .elementor-tab-content{display:none;padding:15px 20px;border-top:1px solid #d5d8dc}@media (max-width:767px){.elementor-accordion .elementor-tab-title{padding:12px 15px}.elementor-accordion .elementor-tab-title .elementor-accordion-icon{width:1.2em}.elementor-accordion .elementor-tab-content{padding:7px 15px}}.e-con-inner>.elementor-widget-accordion,.e-con>.elementor-widget-accordion{width:var(--container-widget-width);--flex-grow:var(--container-widget-flex-grow)}<\/style>\n<p><a tabindex=\"0\">\u00c9coles n\u00e9erlandophones<\/a><\/p>\n<p style=\"font-weight: 400;\">Nederlandstalige Gemeenteschool De Letterbijter:<\/p>\n<ul>\n<li>En voiture: 11 minutes; 5,1km.<\/li>\n<li>Louis Marcelisstraat 139, 1970 Wezembeek-Oppem<\/li>\n<\/ul>\n<p style=\"font-weight: 400;\">Heilig Hartcollege Tervuren<\/p>\n<ul>\n<li>En voiture: 12 minutes; 7,8km.<\/li>\n<li>Louis Marcelisstraat 55, 1970 Wezembeek-Oppem<\/li>\n<\/ul>\n<p style=\"font-weight: 400;\">Basisschool De Kattensprong Tervuren<\/p>\n<ul>\n<li>En voiture: 5 minutes; 2km.<\/li>\n<li>Hippolyte Boulengerlaan 7, 3080 Tervuren<\/li>\n<\/ul>\n<p style=\"font-weight: 400;\">Lagere en Kleuterschool Mariaschool<\/p>\n<ul>\n<li>En voiture: 9 minutes; 3km.<\/li>\n<li>Nieuwstraat 17, 3080 Tervuren<\/li>\n<\/ul>\n<p style=\"font-weight: 400;\">Gemeentelijke Basisschool Tervuren<\/p>\n<ul>\n<li>En voiture: 3 minutes; 1,2km.<\/li>\n<li>Paardenmarktstraat 1, 3080 Tervuren<\/li>\n<\/ul>\n<p style=\"font-weight: 400;\">Gemeentelijke Basisschool Moorsel<\/p>\n<ul>\n<li>En voiture: 14 minutes; 7,3km.<\/li>\n<li>Moorselstraat 252, 3080 Tervuren<\/li>\n<\/ul>\n<p style=\"font-weight: 400;\">GBS Vossem<\/p>\n<ul>\n<li>En voiture: 13 minutes; 6,8km.<\/li>\n<li>Dorpsstraat 38\/42, 3080 Tervuren<\/li>\n<\/ul>\n<h5><\/h5>\n<p><a tabindex=\"0\">\u00c9coles francophones<\/a><\/p>\n<p>Ecole communale francophone La Fermette:<\/p>\n<ul>\n<li>En voiture: 10 minutes; 4,6km.<\/li>\n<li>Bosweg 9 Wezembeek-Oppem<\/li>\n<\/ul>\n<p>School Notre-Dame de la Trinit\u00e9:<\/p>\n<ul>\n<li>En voiture: 11 minutes; 5km.<\/li>\n<li>Madeliefjeslaan 11, 1970 Wezembeek-Oppem<\/li>\n<\/ul>\n<p>Institute Saint-Georges<\/p>\n<ul>\n<li>En voiture: 14 minutes; 6km.<\/li>\n<li>Sint-Jorisoord 1, 1970 Wezembeek-Oppem<\/li>\n<\/ul>\n<p><a tabindex=\"0\">Steinerscholen<\/a><\/p>\n<p>\u00c9cole Steiner de Tervuren<\/p>\n<ul>\n<li>En voiture: 9 minutes; 4km.<\/li>\n<li>Oude Leuvense baan 1, 3080 Tervuren<\/li>\n<\/ul>\n<p><a tabindex=\"0\">\u00c9coles internationales<\/a><\/p>\n<p>International Montessori Schools \u2013 Wezembeek-Oppem<\/p>\n<ul>\n<li>En voiture: 13 minutes; 6,6km.<\/li>\n<li>Molenweg 4, 1970 Wezembeek-Oppem<\/li>\n<\/ul>\n<p>International German School<\/p>\n<ul>\n<li>En voiture: 12 minutes; 5,8km.<\/li>\n<li>Lange Eikstraat 71, 1970 Wezembeek-Oppem<\/li>\n<\/ul>\n<p>International Montessori Schools \u2013 Tervuren \u2018Savoorke\u2019<\/p>\n<ul>\n<li>En voiture: 3 minutes; 1,1km.<\/li>\n<li>Bergestraat 24, 3080 Tervuren<\/li>\n<\/ul>\n<p>International Montessori Schools \u2013 Tervuren \u2018Rotselaerlaan\u2019<\/p>\n<ul>\n<li>En voiture: 8 minutes; 4,1km.<\/li>\n<li>Rotselaerlaan 1, 3080 Tervuren<\/li>\n<\/ul>\n<p>ISF Tervuren International School<\/p>\n<ul>\n<li>En voiture: 12 minutes; 6,7km.<\/li>\n<li>Stationsstraat 3, 3080 Tervuren<\/li>\n<\/ul>\n<p>The Courtyard International School<\/p>\n<ul>\n<li>En voiture: 12 minutes; 6,4km.<\/li>\n<li>Stationsstraat 49a, 3080 Tervuren<\/li>\n<\/ul>\n<p>Elementary and Kindergarten Duisburg St. Anne School<\/p>\n<ul>\n<li>En voiture: 8 minutes; 4,7km.<\/li>\n<li>Rootstraat 34, 3080 Tervuren<\/li>\n<\/ul>\n<p>The British School of Brussels<\/p>\n<ul>\n<li>En voiture: 8 minutes; 4 km.<\/li>\n<li>Pater Dupierreuxlaan 1, 3080 Tervuren<\/li>\n<\/ul>\n<h2>Praktische info<\/h2>\n<h3><strong>Heures d'ouverture:<\/strong><\/h3>\n<p>maandag: 7:00 &#8211; 18:00<\/p>\n<p>dinsdag:\u00a07:00 &#8211; 18:00<\/p>\n<p>woensdag:\u00a07:00 &#8211; 18:00<\/p>\n<p>donderdag:\u00a07:00 &#8211; 18:00<\/p>\n<p>vrijdag:\u00a07:00 &#8211; 18:00<\/p>\n<p>zaterdag, zondag en feestdagen gesloten<\/p>\n<h3><strong>Sluitingsdagen 2026<\/strong><\/h3>\n<ul>\n<li>Donderdag 1 en vrijdag 2 januari 2026 &#8211; Nieuwjaar<\/li>\n<li>Van maandag 6 april t.e.m. vrijdag 10 april 2026 &#8211; Paasvakantie<\/li>\n<li>Vrijdag 1 mei 2026 &#8211; Dag van de Arbeid<\/li>\n<li>Donderdag 14 mei 2026 &#8211; OH Hemelvaart<\/li>\n<li>Maandag 25 mei 2026 &#8211; Pinkstermaandag<\/li>\n<li>Van maandag 6 juli t.e.m. vrijdag 24 juli 2026 &#8211; Zomervakantie<\/li>\n<li>Woensdag 11 november 2026 &#8211; Wapenstilstand<\/li>\n<li>Van maandag 21 december t.e.m. vrijdag 1 januari 2026 &#8211; Kerstvakantie<\/li>\n<\/ul>\n<h2>Faciliteiten<\/h2>\n<p>18 plaatsen voor opvang<\/p>\n<p>Speciale zorgen mogelijk (in samenspraak met het team)<\/p>\n<p>Buitenspeelruimte<\/p>\n<h3><strong>Dagprijs<\/strong><\/h3>\n<p>IKT (inkomensgerelateerd)<\/p>\n<h2>inschrijven via inschrijvingen@wereldvanwarm.be<\/h2>","protected":false},"excerpt":{"rendered":"<p>Tervuren Huishoudelijk reglement \u2013 NEDERLANDS \u2013 officieel Welkom op onze mooie locatie in Tervuren in de Wandelaarsstraat, gelegen op ongeveer 9 kilometer van de E40.\u00a0 Hier kunnen de kinderen zich naar hartenlust vermaken en zichzelf ontwikkelen op hun eigen tempo. Adres &amp; Contactgegevens Adres: Wandelaarsstraat 15, 3080 Tervuren E-mail: inschrijvingen@wereldvanwarm.be Tel: 0496\/35.37.40 Link: Bekijk deze [&hellip;]<\/p>","protected":false},"author":1,"featured_media":0,"parent":0,"menu_order":0,"comment_status":"closed","ping_status":"closed","template":"","meta":{"footnotes":""},"class_list":["post-335","page","type-page","status-publish","hentry"],"_links":{"self":[{"href":"https:\/\/wereldvanwarm.be\/fr\/wp-json\/wp\/v2\/pages\/335","targetHints":{"allow":["GET"]}}],"collection":[{"href":"https:\/\/wereldvanwarm.be\/fr\/wp-json\/wp\/v2\/pages"}],"about":[{"href":"https:\/\/wereldvanwarm.be\/fr\/wp-json\/wp\/v2\/types\/page"}],"author":[{"embeddable":true,"href":"https:\/\/wereldvanwarm.be\/fr\/wp-json\/wp\/v2\/users\/1"}],"replies":[{"embeddable":true,"href":"https:\/\/wereldvanwarm.be\/fr\/wp-json\/wp\/v2\/comments?post=335"}],"version-history":[{"count":143,"href":"https:\/\/wereldvanwarm.be\/fr\/wp-json\/wp\/v2\/pages\/335\/revisions"}],"predecessor-version":[{"id":1378,"href":"https:\/\/wereldvanwarm.be\/fr\/wp-json\/wp\/v2\/pages\/335\/revisions\/1378"}],"wp:attachment":[{"href":"https:\/\/wereldvanwarm.be\/fr\/wp-json\/wp\/v2\/media?parent=335"}],"curies":[{"name":"wp","href":"https:\/\/api.w.org\/{rel}","templated":true}]}}