{"id":19,"date":"2023-03-28T07:18:03","date_gmt":"2023-03-28T07:18:03","guid":{"rendered":"https:\/\/wereldvanwarm.be\/?page_id=19"},"modified":"2026-02-12T09:37:34","modified_gmt":"2026-02-12T09:37:34","slug":"wezembeek-oppem-forum","status":"publish","type":"page","link":"https:\/\/wereldvanwarm.be\/fr\/wezembeek-oppem-forum\/","title":{"rendered":"Wezembeek-Oppem Forum"},"content":{"rendered":"<style>\/*! elementor - v3.16.0 - 09-10-2023 *\/<br \/>\n.elementor-column .elementor-spacer-inner{height:var(--spacer-size)}.e-con{--container-widget-width:100%}.e-con-inner>.elementor-widget-spacer,.e-con>.elementor-widget-spacer{width:var(--container-widget-width,var(--spacer-size));--align-self:var(--container-widget-align-self,initial);--flex-shrink:0}.e-con-inner>.elementor-widget-spacer>.elementor-widget-container,.e-con>.elementor-widget-spacer>.elementor-widget-container{height:100%;width:100%}.e-con-inner>.elementor-widget-spacer>.elementor-widget-container>.elementor-spacer,.e-con>.elementor-widget-spacer>.elementor-widget-container>.elementor-spacer{height:100%}.e-con-inner>.elementor-widget-spacer>.elementor-widget-container>.elementor-spacer>.elementor-spacer-inner,.e-con>.elementor-widget-spacer>.elementor-widget-container>.elementor-spacer>.elementor-spacer-inner{height:var(--container-widget-height,var(--spacer-size))}.e-con-inner>.elementor-widget-spacer.elementor-widget-empty,.e-con>.elementor-widget-spacer.elementor-widget-empty{position:relative;min-height:22px;min-width:22px}.e-con-inner>.elementor-widget-spacer.elementor-widget-empty .elementor-widget-empty-icon,.e-con>.elementor-widget-spacer.elementor-widget-empty .elementor-widget-empty-icon{position:absolute;top:0;bottom:0;left:0;right:0;margin:auto;padding:0;width:22px;height:22px}<\/style>\n<style>\/*! elementor - v3.16.0 - 09-10-2023 *\/<br \/>\n.elementor-heading-title{padding:0;margin:0;line-height:1}.elementor-widget-heading .elementor-heading-title[class*=elementor-size-]>a{color:inherit;font-size:inherit;line-height:inherit}.elementor-widget-heading .elementor-heading-title.elementor-size-small{font-size:15px}.elementor-widget-heading .elementor-heading-title.elementor-size-medium{font-size:19px}.elementor-widget-heading .elementor-heading-title.elementor-size-large{font-size:29px}.elementor-widget-heading .elementor-heading-title.elementor-size-xl{font-size:39px}.elementor-widget-heading .elementor-heading-title.elementor-size-xxl{font-size:59px}<\/style>\n<h2>Wezembeek-Oppem Forum<\/h2>\n<p><strong>Inschrijven voor onze kinderopvang kan via inschrijvingen@wereldvanwarm.be<\/strong><\/p>\n<p>Klik hier door naar ons huishoudelijk reglement om meer te weten te komen over onze werking:<\/p>\n<p><a href=\"http:\/\/wereldvanwarm.be\/wp-content\/uploads\/2026\/02\/HHR-vrije-prijs-Forum-versie-01.09.2025-NL.pdf\">Huishoudelijk reglement &#8211; NEDERLANDS &#8211; officieel<\/a><\/p>\n<p><a href=\"http:\/\/wereldvanwarm.be\/wp-content\/uploads\/2026\/02\/HHR-vrije-prijs-Forum-versie-01.09.2025-ONOFFICIELE-VERSIE-FR.pdf\">Huishoudelijk reglement &#8211; FRANS &#8211; dit is GEEN officieel document maar een niet-offici\u00eble vertaling, enkel het Nederlandstalige reglement is een officieel document waaruit rechten kunnen worden gegenereerd<\/a><a href=\"http:\/\/wereldvanwarm.be\/wp-content\/uploads\/2023\/12\/Reglement-Non-officiel-Land-van-wezembeek-Oppem-Traduis-du-Neerlandais.pdf\"><br \/>\n<\/a><\/p>\n<p><b>Welkom<\/b> op onze mooie locatie in Wezembeek-Oppem op de Ter Meerenlaan, gelegen op ongeveer 3,5 kilometer van de E40. \u00a0Hier kunnen de kinderen zich naar hartenlust vermaken en zichzelf ontwikkelen op hun eigen tempo.<\/p>\n<p>Bekijk deze locatie op Google Maps (opent in nieuw venster) <a href=\"https:\/\/www.google.com\/maps?q=Wezembeek-Oppem+Forum\" target=\"_blank\" rel=\"noopener\">https:\/\/www.google.com\/maps?q=Wezembeek-Oppem+Forum<\/a><\/p>\n<style>\/*! elementor - v3.16.0 - 09-10-2023 *\/<br \/>\n.elementor-widget-google_maps .elementor-widget-container{overflow:hidden}.elementor-widget-google_maps .elementor-custom-embed{line-height:0}.elementor-widget-google_maps iframe{height:300px}<\/style>\n<p><iframe title=\"Ter Meerenlaan 1, 1970 Wezembeek-Oppem\" src=\"https:\/\/maps.google.com\/maps?q=Ter%20Meerenlaan%201%2C%201970%20Wezembeek-Oppem&amp;t=m&amp;z=12&amp;output=embed&amp;iwloc=near\" aria-label=\"Ter Meerenlaan 1, 1970 Wezembeek-Oppem\"><\/iframe><\/p>\n<h2>Adres &amp; contactgegevens<\/h2>\n<p>Adres: Ter Meerenlaan 1, 1970 Wezembeek-Oppem<\/p>\n<p>E-mail: inschrijvingen@wereldvanwarm.be<\/p>\n<p>Tel: 0496\/35.37.40<\/p>\n<h2><b style=\"color: inherit; font-family: inherit; font-size: 2rem;\">Onze Filosofie<\/b><\/h2>\n<p>Welkom in de Wereld van warm\u00a0\u2013 Wezembeek-Oppem, waar we streven naar een warme en liefdevolle omgeving voor kinderen van 0 tot 2,5 jaar. Ons kinderdagverblijf is opgezet om ouders te ondersteunen die, om welke reden dan ook, behoefte hebben aan professionele kinderopvang<\/p>\n<p>Bij Wereld van warm baseren we onze dagelijkse zorg op een aantal\u00a0fundamentele principes:<\/p>\n<p><strong><u>1. Respect voor de uniciteit van elk kind:<\/u><\/strong>\u00a0Elk kind is uniek, en bij ons staat uw kind centraal. Onze dagindeling, ruimtes, inrichting en speelgoed zijn allemaal afgestemd op de individuele behoeften van uw kind.<\/p>\n<p><u><strong>2. Ritme voor zekerheid en veiligheid:<\/strong>\u00a0<\/u>We geloven dat ritme kinderen zekerheid, veiligheid en erkenning geeft. Daarom werken we met vaste rituelen en streven we ernaar het ritme van elk kind te respecteren.<\/p>\n<p><strong><u>3. Kindvriendelijke omgeving:\u00a0<\/u><\/strong>Ons huis is volledig ingericht met oog voor kindvriendelijkheid. Orde en zorg zijn belangrijke waarden voor ons. De inrichting biedt voldoende bewegingsvrijheid, en we hebben een ruime tuin waar buitenspelen wordt aangemoedigd.<\/p>\n<p><strong><u>4. Stimulering van ontwikkeling:<\/u>\u00a0<\/strong>We streven ernaar uw kind op speelse wijze te stimuleren op alle ontwikkelingsgebieden. Spel is voor ons een manier van leren, en we moedigen zelfstandigheid en sociale relaties met leeftijdsgenootjes aan.<\/p>\n<p><strong><u>5. Hygi\u00ebne en goede verzorging:<\/u><\/strong>\u00a0We hechten veel waarde aan een goede en hygi\u00ebnische verzorging van uw kind. Dagelijks zorgen we voor gevarieerde en aangepaste voeding.<\/p>\n<p><strong><u>6. Oog voor ontwikkeling:<\/u><\/strong>\u00a0Bij Wereld Van Warm werken we met persoonlijke heen- en weerboekjes waarin we dagelijks alle belangrijke gebeurtenissen noteren. Op die manier willen we een goede communicatie verzekeren. Ouders ontvangen maandelijks een nieuwsbrief en foto\u2019s van activiteiten.<\/p>\n<p>Bij ons streven we naar een familiale, huiselijke sfeer waarin zowel kinderen als ouders zich op hun gemak voelen. Ontdek de warmte en zorgzaamheid van Het team van Karen!<\/p>\n<style>\/*! elementor - v3.16.0 - 09-10-2023 *\/<br \/>.elementor-widget-image{text-align:center}.elementor-widget-image a{display:inline-block}.elementor-widget-image a img[src$=\".svg\"]{width:48px}.elementor-widget-image img{vertical-align:middle;display:inline-block}<\/style>\n<p><img loading=\"lazy\" decoding=\"async\" src=\"http:\/\/wereldvanwarm.be\/wp-content\/uploads\/2023\/05\/father-and-his-baby-daughter-at-home-2022-02-02-03-47-41-utc-1-300x200.jpg\" sizes=\"auto, (max-width: 300px) 100vw, 300px\" srcset=\"https:\/\/wereldvanwarm.be\/wp-content\/uploads\/2023\/05\/father-and-his-baby-daughter-at-home-2022-02-02-03-47-41-utc-1-300x200.jpg 300w, https:\/\/wereldvanwarm.be\/wp-content\/uploads\/2023\/05\/father-and-his-baby-daughter-at-home-2022-02-02-03-47-41-utc-1-1024x683.jpg 1024w, https:\/\/wereldvanwarm.be\/wp-content\/uploads\/2023\/05\/father-and-his-baby-daughter-at-home-2022-02-02-03-47-41-utc-1-768x512.jpg 768w, https:\/\/wereldvanwarm.be\/wp-content\/uploads\/2023\/05\/father-and-his-baby-daughter-at-home-2022-02-02-03-47-41-utc-1-1536x1024.jpg 1536w, https:\/\/wereldvanwarm.be\/wp-content\/uploads\/2023\/05\/father-and-his-baby-daughter-at-home-2022-02-02-03-47-41-utc-1-2048x1365.jpg 2048w\" alt=\"\" width=\"300\" height=\"200\" \/><\/p>\n<h2><strong>Praktische info<\/strong><\/h2>\n<p>Heures d'ouverture:<\/p>\n<p>maandag: 7:00 \u2013 18:00<\/p>\n<p>dinsdag:\u00a07:00 \u2013 18:00<\/p>\n<p>woensdag:\u00a07:00 \u2013 18:00<\/p>\n<p>donderdag:\u00a07:00 \u2013 18:00<\/p>\n<p>vrijdag:\u00a07:00 \u2013 18:00<\/p>\n<p>zaterdag, zondag en feestdagen gesloten<\/p>\n<h3><strong>Sluitingsdagen 2026<\/strong><\/h3>\n<ul>\n<li>Donderdag 1 en vrijdag 2 januari 2026 &#8211; Nieuwjaar<\/li>\n<li>Van maandag 6 april t.e.m. vrijdag 10 april 2026 &#8211; Paasvakantie<\/li>\n<li>Vrijdag 1 mei 2026 &#8211; Dag van de Arbeid<\/li>\n<li>Donderdag 14 mei 2026 &#8211; OH Hemelvaart<\/li>\n<li>Maandag 25 mei 2026 &#8211; Pinkstermaandag<\/li>\n<li>Van maandag 6 juli t.e.m. vrijdag 24 juli 2026 &#8211; Zomervakantie<\/li>\n<li>Woensdag 11 november 2026 &#8211; Wapenstilstand<\/li>\n<li>Van maandag 21 december t.e.m. vrijdag 1 januari 2026 &#8211; Kerstvakantie<\/li>\n<\/ul>\n<h2><strong>Faciliteiten:<\/strong><\/h2>\n<p>18 plaatsen voor opvang<\/p>\n<p>Speciale zorgen mogelijk (in samenspraak met het team)<\/p>\n<p>Buitenspeelruimte<\/p>\n<h3><strong>Lekker buiten slapen<\/strong><\/h3>\n<p>In Scandinavische landen is buiten slapen al heel gewoon. De frisse buitenlucht zorgt voor meer weerstand door een grotere opname van vitamine D. Zelfs bij lichte vorst kunnen de kinderen buiten slapen. Dit is goed voor de weerstand. Vooral kinderen die vaak verkouden zijn of last hebben van luchtweginfecties en allergie\u00ebn zijn hierbij gebaat. Uit medisch oogpunt is het ook absoluut verantwoord. Kou is niet erg, daar worden de kinderen op gekleed: een dikke slaapzak en\/ of deken naarmate de temperatuur lager is en wanten en een muts bij vorst. Wij maken gebruik van een speciale vierseizoenen buitenslaapzak.<\/p>\n<p>Het buitenbed voldoet aan de wettelijke gestelde Europese normen voor meubilair dat wordt gebruikt in kinderdagverblijven. Door de bijzondere constructie van het bed zijn regen en wind geen spelbreker bij het buiten slapen. Het beddengoed en matras worden \u2018s nachts binnen bewaard, zodat het aangenaam warm is en niet vochtig wordt. Daarnaast is het bed voorzien van een hor dat insecten en andere dieren bij de kinderen vandaan houdt.<\/p>\n<p>Door de solide en wendbare wielen is het bed goed en eenvoudig verplaatsbaar. Dit geeft ons de mogelijkheid het bed binnen ons zichtveld te plaatsen. E\u00e9n blik door het raam en we zien hoe het met het slapende kindje is.<\/p>\n<p>Ouders mogen zelf aangeven of zij hun kind buiten willen laten slapen of de voorkeur geven aan een binnenbed. Bovendien houden wij rekening met het individuele kind. Ondanks de toestemming van de ouders kan het zijn dat het betreffende kind buiten slapen te gezellig vindt en er helemaal niet aan slapen toekomt. Een donkere slaapkamer, een prikkelarme omgeving is op dat moment een betere keuze.<\/p>\n<p>Inschrijven kan door een e-mail te sturen naar inschrijvingen@wereldvanwarm.be<\/p>\n<h2><strong>Bereikbaarheid<\/strong><\/h2>\n<p><strong><u>Ik kom met de auto:<\/u><\/strong>\u00a0Pour rejoindre notre destination, suivez l'autoroute E40, prenez la sortie Sterrebeek, puis suivez la Mechelsesteenweg sur 2,8 km en direction de Wezembeek-Oppem. Ensuite, tournez \u00e0 gauche dans la Doornenlaan et prenez la premi\u00e8re \u00e0 droite vers la Ter Meerenlaan. La destination se trouve sur votre droite. Profitez de la route pittoresque pour arriver \u00e0 bon port.<\/p>\n<p><u>Parkeren:<\/u>\u00a0Er is een parkeermogelijkheid voor auto\u2019s gelegen vooraan en aan de zijkant van het gebouw van de cr\u00e8che.<\/p>\n<p><strong><u>Ik kom met de fiets:<\/u><\/strong>\u00a0Vous pouvez garer votre v\u00e9lo ou autre petit moyen de transport aux porte-v\u00e9los pr\u00e8s des parkings pour voitures. Attachez facilement votre v\u00e9lo aux barri\u00e8res et d\u00e9posez vos enfants tranquillement \u00e0 la cr\u00e8che. Profitez de cette option pratique pour vous d\u00e9placer en douceur et en toute s\u00e9curit\u00e9.<\/p>\n<h2><\/h2>\n<h2><strong>Distance des \u00e9coles \u00e0 proximit\u00e9<\/strong><\/h2>\n<p><strong><a tabindex=\"0\">\u00c9coles n\u00e9erlandophones<\/a><\/strong><\/p>\n<p>Nederlandstalige Gemeenteschool De Letterbijter:<\/p>\n<ul>\n<li>En voiture : 4 minutes; 1,6km.<\/li>\n<li>Louis Marcelisstraat 139, 1970 Wezembeek-Oppem<\/li>\n<\/ul>\n<p>Heilig Hartcollege Tervuren<\/p>\n<ul>\n<li>En voiture: 6 minutes; 2,1km.<\/li>\n<li>Louis Marcelisstraat 55, 1970 Wezembeek-Oppem<\/li>\n<\/ul>\n<p>Basisschool De Kattensprong Tervuren<\/p>\n<ul>\n<li>En voiture: 8 minutes; 4 km.<\/li>\n<li>Hippolyte Boulengerlaan 7, 3080 Tervuren<\/li>\n<\/ul>\n<p>Lagere en Kleuterschool Mariaschool<\/p>\n<ul>\n<li>En voiture: 7 minutes; 3,1km.<\/li>\n<li>Nieuwstraat 17, 3080 Tervuren<\/li>\n<\/ul>\n<p>Gemeentelijke Basisschool Tervuren<\/p>\n<ul>\n<li>En voiture: 8 minutes; 3,4km.<\/li>\n<li>Paardenmarktstraat 1, 3080 Tervuren<\/li>\n<\/ul>\n<p>Gemeentelijke Basisschool Moorsel<\/p>\n<ul>\n<li>En voiture: 8 minutes; 4,3km.<\/li>\n<li>Moorselstraat 252, 3080 Tervuren<\/li>\n<\/ul>\n<p>GBS Vossem<\/p>\n<ul>\n<li>En voiture: 10 minutes; 5,7km.<\/li>\n<li>Dorpsstraat 38\/42, 3080 Tervuren<\/li>\n<\/ul>\n<p><strong><a tabindex=\"0\">\u00c9coles francophones<\/a><\/strong><\/p>\n<p>Ecole communale francophone La Fermette:<\/p>\n<ul>\n<li>En voiture: 4 minutes; 1,5km.<\/li>\n<li>Bosweg 9 Wezembeek-Oppem<\/li>\n<\/ul>\n<p>School Notre-Dame de la Trinit\u00e9:<\/p>\n<ul>\n<li>En voiture: 5 minutes; 1,9km.<\/li>\n<li>Madeliefjeslaan 11, 1970 Wezembeek-Oppem<\/li>\n<\/ul>\n<p>Institute Saint-Georges<\/p>\n<ul>\n<li>En voiture: 7 minutes; 2,9km.<\/li>\n<li>Sint-Jorisoord 1, 1970 Wezembeek-Oppem<\/li>\n<\/ul>\n<p><strong><a tabindex=\"0\">Les \u00e9coles Steiner<\/a><\/strong><\/p>\n<p>\u00c9cole Steiner de Tervuren<\/p>\n<ul>\n<li>En voiture: 6 minutes; 3km.<\/li>\n<li>Oude Leuvense baan 1, 3080 Tervuren<\/li>\n<\/ul>\n<p><strong><a tabindex=\"0\">\u00c9coles internationales<\/a><\/strong><\/p>\n<p>International Montessori Schools \u2013 Wezembeek-Oppem<\/p>\n<ul>\n<li>En voiture: 4 minutes; 1,7km.<\/li>\n<li>Molenweg 4, 1970 Wezembeek-Oppem<\/li>\n<\/ul>\n<p>International German School<\/p>\n<ul>\n<li>En voiture: 4 minutes; 2km.<\/li>\n<li>Lange Eikstraat 71, 1970 Wezembeek-Oppem<\/li>\n<\/ul>\n<p>International Montessori Schools \u2013 Tervuren \u2018Savoorke\u2019<\/p>\n<ul>\n<li>En voiture: 11 minutes; 4,4km.<\/li>\n<li>Bergestraat 24, 3080 Tervuren<\/li>\n<\/ul>\n<p>International Montessori Schools \u2013 Tervuren \u2018Rotselaerlaan\u2019<\/p>\n<ul>\n<li>En voiture: 6 minutes; 3km.<\/li>\n<li>Rotselaerlaan 1, 3080 Tervuren<\/li>\n<\/ul>\n<p>ISF Tervuren International School<\/p>\n<ul>\n<li>En voiture: 10 minutes, 5,6km.<\/li>\n<li>Stationsstraat 3, 3080 Tervuren<\/li>\n<\/ul>\n<p>The Courtyard International School<\/p>\n<ul>\n<li>En voiture: 10 minutes, 5,3km.<\/li>\n<li>Stationsstraat 49a, 3080 Tervuren<\/li>\n<\/ul>\n<p>Elementary and Kindergarten Duisburg St. Anne School<\/p>\n<ul>\n<li>En voiture: 14 minutes; 8,1km.<\/li>\n<li>Rootstraat 34, 3080 Tervuren<\/li>\n<\/ul>\n<p>The British School of Brussels<\/p>\n<ul>\n<li>En voiture: 6 minutes; 2,9km.<\/li>\n<li>Pater Dupierreuxlaan 1, 3080 Tervuren<\/li>\n<\/ul>\n<h2><\/h2>\n<h2><\/h2>\n<style>\/*! elementor - v3.16.0 - 09-10-2023 *\/<br \/>.elementor-widget-google_maps .elementor-widget-container{overflow:hidden}.elementor-widget-google_maps .elementor-custom-embed{line-height:0}.elementor-widget-google_maps iframe{height:300px}<\/style>","protected":false},"excerpt":{"rendered":"<p>Wezembeek-Oppem Forum Inschrijven voor onze kinderopvang kan via inschrijvingen@wereldvanwarm.be Klik hier door naar ons huishoudelijk reglement om meer te weten te komen over onze werking: Huishoudelijk reglement &#8211; NEDERLANDS &#8211; officieel Huishoudelijk reglement &#8211; FRANS &#8211; dit is GEEN officieel document maar een niet-offici\u00eble vertaling, enkel het Nederlandstalige reglement is een officieel document waaruit rechten [&hellip;]<\/p>","protected":false},"author":1,"featured_media":0,"parent":0,"menu_order":0,"comment_status":"closed","ping_status":"closed","template":"","meta":{"footnotes":""},"class_list":["post-19","page","type-page","status-publish","hentry"],"_links":{"self":[{"href":"https:\/\/wereldvanwarm.be\/fr\/wp-json\/wp\/v2\/pages\/19","targetHints":{"allow":["GET"]}}],"collection":[{"href":"https:\/\/wereldvanwarm.be\/fr\/wp-json\/wp\/v2\/pages"}],"about":[{"href":"https:\/\/wereldvanwarm.be\/fr\/wp-json\/wp\/v2\/types\/page"}],"author":[{"embeddable":true,"href":"https:\/\/wereldvanwarm.be\/fr\/wp-json\/wp\/v2\/users\/1"}],"replies":[{"embeddable":true,"href":"https:\/\/wereldvanwarm.be\/fr\/wp-json\/wp\/v2\/comments?post=19"}],"version-history":[{"count":164,"href":"https:\/\/wereldvanwarm.be\/fr\/wp-json\/wp\/v2\/pages\/19\/revisions"}],"predecessor-version":[{"id":1376,"href":"https:\/\/wereldvanwarm.be\/fr\/wp-json\/wp\/v2\/pages\/19\/revisions\/1376"}],"wp:attachment":[{"href":"https:\/\/wereldvanwarm.be\/fr\/wp-json\/wp\/v2\/media?parent=19"}],"curies":[{"name":"wp","href":"https:\/\/api.w.org\/{rel}","templated":true}]}}