{"id":17,"date":"2023-03-28T07:17:46","date_gmt":"2023-03-28T07:17:46","guid":{"rendered":"https:\/\/wereldvanwarm.be\/?page_id=17"},"modified":"2023-12-13T07:59:16","modified_gmt":"2023-12-13T07:59:16","slug":"visie","status":"publish","type":"page","link":"https:\/\/wereldvanwarm.be\/fr\/visie\/","title":{"rendered":"Visie"},"content":{"rendered":"<div data-elementor-type=\"wp-page\" data-elementor-id=\"17\" class=\"elementor elementor-17\" data-elementor-post-type=\"page\">\n\t\t\t\t\t\t\t\t\t<section class=\"elementor-section elementor-top-section elementor-element elementor-element-96ffe48 elementor-section-height-min-height elementor-section-boxed elementor-section-height-default elementor-section-items-middle\" data-id=\"96ffe48\" data-element_type=\"section\">\n\t\t\t\t\t\t<div class=\"elementor-container elementor-column-gap-default\">\n\t\t\t\t\t<div class=\"elementor-column elementor-col-33 elementor-top-column elementor-element elementor-element-0d0a43f hexa-mom\" data-id=\"0d0a43f\" data-element_type=\"column\">\n\t\t\t<div class=\"elementor-widget-wrap elementor-element-populated\">\n\t\t\t\t\t\t\t\t<section class=\"elementor-section elementor-inner-section elementor-element elementor-element-0dac259 elementor-section-height-min-height elementor-section-boxed elementor-section-height-default\" data-id=\"0dac259\" data-element_type=\"section\" data-settings=\"{&quot;background_background&quot;:&quot;classic&quot;}\">\n\t\t\t\t\t\t\t<div class=\"elementor-background-overlay\"><\/div>\n\t\t\t\t\t\t\t<div class=\"elementor-container elementor-column-gap-default\">\n\t\t\t\t\t<div class=\"elementor-column elementor-col-100 elementor-inner-column elementor-element elementor-element-1d542f8\" data-id=\"1d542f8\" data-element_type=\"column\">\n\t\t\t<div class=\"elementor-widget-wrap elementor-element-populated\">\n\t\t\t\t\t\t\t\t<div class=\"elementor-element elementor-element-0009162 elementor-widget elementor-widget-heading\" data-id=\"0009162\" data-element_type=\"widget\" data-widget_type=\"heading.default\">\n\t\t\t\t<div class=\"elementor-widget-container\">\n\t\t\t<style>\/*! elementor - v3.16.0 - 09-10-2023 *\/\n.elementor-heading-title{padding:0;margin:0;line-height:1}.elementor-widget-heading .elementor-heading-title[class*=elementor-size-]>a{color:inherit;font-size:inherit;line-height:inherit}.elementor-widget-heading .elementor-heading-title.elementor-size-small{font-size:15px}.elementor-widget-heading .elementor-heading-title.elementor-size-medium{font-size:19px}.elementor-widget-heading .elementor-heading-title.elementor-size-large{font-size:29px}.elementor-widget-heading .elementor-heading-title.elementor-size-xl{font-size:39px}.elementor-widget-heading .elementor-heading-title.elementor-size-xxl{font-size:59px}<\/style><h2 class=\"elementor-heading-title elementor-size-default\">La s\u00e9curit\u00e9<\/h2>\t\t<\/div>\n\t\t\t\t<\/div>\n\t\t\t\t<div class=\"elementor-element elementor-element-00c2f79 elementor-widget elementor-widget-text-editor\" data-id=\"00c2f79\" data-element_type=\"widget\" data-widget_type=\"text-editor.default\">\n\t\t\t\t<div class=\"elementor-widget-container\">\n\t\t\t<style>\/*! elementor - v3.16.0 - 09-10-2023 *\/\n.elementor-widget-text-editor.elementor-drop-cap-view-stacked .elementor-drop-cap{background-color:#69727d;color:#fff}.elementor-widget-text-editor.elementor-drop-cap-view-framed .elementor-drop-cap{color:#69727d;border:3px solid;background-color:transparent}.elementor-widget-text-editor:not(.elementor-drop-cap-view-default) .elementor-drop-cap{margin-top:8px}.elementor-widget-text-editor:not(.elementor-drop-cap-view-default) .elementor-drop-cap-letter{width:1em;height:1em}.elementor-widget-text-editor .elementor-drop-cap{float:left;text-align:center;line-height:1;font-size:50px}.elementor-widget-text-editor .elementor-drop-cap-letter{display:inline-block}<\/style>\t\t\t\t<p>Au centre de la petite enfance 'Wereld van Warm', le bien-\u00eatre de vos enfants est notre priorit\u00e9. Nous veillons \u00e0 ce que tous les enfants se sentent en s\u00e9curit\u00e9 et bien entour\u00e9s chez nous.<\/p><p>\u00a0<\/p>\t\t\t\t\t\t<\/div>\n\t\t\t\t<\/div>\n\t\t\t\t\t<\/div>\n\t\t<\/div>\n\t\t\t\t\t\t\t<\/div>\n\t\t<\/section>\n\t\t\t\t\t<\/div>\n\t\t<\/div>\n\t\t\t\t<div class=\"elementor-column elementor-col-33 elementor-top-column elementor-element elementor-element-9769ff7 hexa-mom\" data-id=\"9769ff7\" data-element_type=\"column\">\n\t\t\t<div class=\"elementor-widget-wrap elementor-element-populated\">\n\t\t\t\t\t\t\t\t<section class=\"elementor-section elementor-inner-section elementor-element elementor-element-24d0d36 elementor-section-height-min-height elementor-section-boxed elementor-section-height-default\" data-id=\"24d0d36\" data-element_type=\"section\" data-settings=\"{&quot;background_background&quot;:&quot;classic&quot;}\">\n\t\t\t\t\t\t\t<div class=\"elementor-background-overlay\"><\/div>\n\t\t\t\t\t\t\t<div class=\"elementor-container elementor-column-gap-default\">\n\t\t\t\t\t<div class=\"elementor-column elementor-col-100 elementor-inner-column elementor-element elementor-element-80c2179\" data-id=\"80c2179\" data-element_type=\"column\">\n\t\t\t<div class=\"elementor-widget-wrap elementor-element-populated\">\n\t\t\t\t\t\t\t\t<div class=\"elementor-element elementor-element-6bb75dd elementor-widget elementor-widget-heading\" data-id=\"6bb75dd\" data-element_type=\"widget\" data-widget_type=\"heading.default\">\n\t\t\t\t<div class=\"elementor-widget-container\">\n\t\t\t<h2 class=\"elementor-heading-title elementor-size-default\">Chaleur<\/h2>\t\t<\/div>\n\t\t\t\t<\/div>\n\t\t\t\t<div class=\"elementor-element elementor-element-76fe954 elementor-widget elementor-widget-text-editor\" data-id=\"76fe954\" data-element_type=\"widget\" data-widget_type=\"text-editor.default\">\n\t\t\t\t<div class=\"elementor-widget-container\">\n\t\t\t\t\t\t\t<p>Nos gardiens ont beaucoup d'exp\u00e9rience dans le travail avec les enfants et font de leur priorit\u00e9 de veiller \u00e0 ce que vos enfants aient un endroit s\u00fbr, chaleureux et confortable pour jouer, apprendre et se faire des amis.<\/p>\t\t\t\t\t\t<\/div>\n\t\t\t\t<\/div>\n\t\t\t\t\t<\/div>\n\t\t<\/div>\n\t\t\t\t\t\t\t<\/div>\n\t\t<\/section>\n\t\t\t\t\t<\/div>\n\t\t<\/div>\n\t\t\t\t<div class=\"elementor-column elementor-col-33 elementor-top-column elementor-element elementor-element-dd712d5 hexa-mom\" data-id=\"dd712d5\" data-element_type=\"column\">\n\t\t\t<div class=\"elementor-widget-wrap elementor-element-populated\">\n\t\t\t\t\t\t\t\t<section class=\"elementor-section elementor-inner-section elementor-element elementor-element-fbba793 elementor-section-height-min-height elementor-section-boxed elementor-section-height-default\" data-id=\"fbba793\" data-element_type=\"section\" data-settings=\"{&quot;background_background&quot;:&quot;classic&quot;}\">\n\t\t\t\t\t\t\t<div class=\"elementor-background-overlay\"><\/div>\n\t\t\t\t\t\t\t<div class=\"elementor-container elementor-column-gap-default\">\n\t\t\t\t\t<div class=\"elementor-column elementor-col-100 elementor-inner-column elementor-element elementor-element-4363413\" data-id=\"4363413\" data-element_type=\"column\">\n\t\t\t<div class=\"elementor-widget-wrap elementor-element-populated\">\n\t\t\t\t\t\t\t\t<div class=\"elementor-element elementor-element-f385829 elementor-widget elementor-widget-heading\" data-id=\"f385829\" data-element_type=\"widget\" data-widget_type=\"heading.default\">\n\t\t\t\t<div class=\"elementor-widget-container\">\n\t\t\t<h2 class=\"elementor-heading-title elementor-size-default\">D\u00e9couvrir<\/h2>\t\t<\/div>\n\t\t\t\t<\/div>\n\t\t\t\t<div class=\"elementor-element elementor-element-9efd5c5 elementor-widget elementor-widget-text-editor\" data-id=\"9efd5c5\" data-element_type=\"widget\" data-widget_type=\"text-editor.default\">\n\t\t\t\t<div class=\"elementor-widget-container\">\n\t\t\t\t\t\t\t<p>Dans une ambiance familiale, nous offrons \u00e0 votre enfant l'opportunit\u00e9 de se d\u00e9velopper et de d\u00e9couvrir.<\/p>\t\t\t\t\t\t<\/div>\n\t\t\t\t<\/div>\n\t\t\t\t\t<\/div>\n\t\t<\/div>\n\t\t\t\t\t\t\t<\/div>\n\t\t<\/section>\n\t\t\t\t\t<\/div>\n\t\t<\/div>\n\t\t\t\t\t\t\t<\/div>\n\t\t<\/section>\n\t\t\t\t<section class=\"elementor-section elementor-top-section elementor-element elementor-element-3b011e1 elementor-section-boxed elementor-section-height-default elementor-section-height-default\" data-id=\"3b011e1\" data-element_type=\"section\">\n\t\t\t\t\t\t<div class=\"elementor-container elementor-column-gap-default\">\n\t\t\t\t\t<div class=\"elementor-column elementor-col-100 elementor-top-column elementor-element elementor-element-9cf2cc8\" data-id=\"9cf2cc8\" data-element_type=\"column\">\n\t\t\t<div class=\"elementor-widget-wrap elementor-element-populated\">\n\t\t\t\t\t\t\t\t<div class=\"elementor-element elementor-element-a111d1f elementor-widget elementor-widget-text-editor\" data-id=\"a111d1f\" data-element_type=\"widget\" data-widget_type=\"text-editor.default\">\n\t\t\t\t<div class=\"elementor-widget-container\">\n\t\t\t\t\t\t\t<p>Ee<b>n warme omgeving&nbsp;<\/b><\/p><p>waarin we elk kind de wereld laten verkennen om de wereldburgers\nvan morgen samen groot te brengen in een warme en verbonden gemeenschap w<span style=\"color: var( --e-global-color-text ); font-size: 1rem;\">aarin het kind de wereld kan ontdekken&nbsp;<\/span><\/p><p><span style=\"color: var( --e-global-color-text ); font-size: 1rem;\"><b>Een warme gemeenschap&nbsp;<\/b><\/span><\/p><p><span style=\"color: var( --e-global-color-text ); font-size: 1rem;\">waarin we ouders ondersteunen en samen werken aan de toekomst van elk\nkind<\/span><\/p><p><b>Een warme werkgever&nbsp;<\/b><\/p><p>die zorgt voor zijn personeel: betrokkenheid, goede werkomstandigheden\nen inspraak&nbsp;<\/p><p><b>Een warme wereld&nbsp;<\/b><\/p><p>waarin maatschappelijke en sociale projecten deel uitmaken van de werking\nin het kinderdagverblijf\nBij de wereld van warm streven we ernaar om een warme, veilige en stimulerende omgeving\nte bieden voor ieder kind.\nBinnen ons beleid leggen we graag de nadruk op het aanbieden van zo veel mogelijk\nbuitenspeelmomenten, en werken we graag rond duurzaamheid en gezonde voeding.<\/p><p><strong><br><\/strong><\/p><p><b>Dit zorgt voor:<\/b><\/p><p><strong>La s\u00e9curit\u00e9 d\u00e8s le premier jour<\/strong><\/p>\n<p>Wereld van Warm offre \u00e0 votre enfant un second foyer, s\u00fbr et s\u00e9curis\u00e9, o\u00f9 il peut \u00eatre compl\u00e8tement lui-m\u00eame. Nous travaillons selon les m\u00eames routines chaque jour avec une nounou r\u00e9guli\u00e8re afin que votre enfant sache ce qui va se passer et prenne confiance dans son 'Wereld van Warm'.<\/p>\n<p><strong>La sensibilisation du 'moi'<\/strong><\/p>\n<p>Dans cet environnement chaleureux et s\u00e9curisant, nous encourageons votre enfant \u00e0 d'abord se conna\u00eetre lui-m\u00eame : dans le jardin, observer les nuages, sentir et toucher l'herbe, \u00e9couter les petits oiseaux. Nous tenons compte de leur corps qui grandit rapidement et les rendons conscients de ce qu'ils aiment et n'aiment pas, de leur jouet pr\u00e9f\u00e9r\u00e9, de leur coin \u00e0 eux, et bien plus encore.<\/p>\n<p><strong>Le d\u00e9but du voyage de d\u00e9couverte<\/strong><\/p>\n<p>Ensuite, votre enfant est encourag\u00e9 \u00e0 essayer, \u00e0 poser des questions, \u00e0 d\u00e9couvrir ce qui fonctionne et ce qui ne fonctionne pas, \u00e0 s'\u00e9merveiller et \u00e0 prendre des initiatives. En m\u00eame temps, chaque jour, tout au long de la journ\u00e9e, nous renfor\u00e7ons leur confiance en eux : que se passe-t-il lorsque quelque chose ne fonctionne pas? Comment pouvons-nous r\u00e9soudre cela ensemble? Que pouvez-vous faire diff\u00e9remment?<\/p>\n<p><strong>Exploration avanc\u00e9e\/un voyage de d\u00e9couverte pour les plus avanc\u00e9es<\/strong><\/p>\n<p>Les tout-petits apprennent \u00e9galement \u00e0 faire des liens et \u00e0 estimer ce qui va se passer, \u00e0 reconna\u00eetre les expressions faciales, et \u00e0 exprimer leurs pens\u00e9es et leurs sentiments. Ils apprennent les diff\u00e9rents genres de musique, l'existence du th\u00e9\u00e2tre et du cin\u00e9ma, etc. Ils apprennent \u00e9galement \u00e0 jouer avec le langage, en associant le bon mot au bon concept, etc.<\/p>\n<p><strong>Votre enfant et ses amis<\/strong><\/p>\n<p>Votre enfant grandit au c\u0153ur du Wereld van Warm, entour\u00e9 d'autres enfants et d'adultes. Comment y parvenir ? Quel est l'\u00e9quilibre entre s'affirmer et \u00eatre bien avec ses amis ? Comment r\u00e9agit-il lorsqu'un ami est triste ? Que faire si je suis pr\u00e9occup\u00e9 ? En somme, votre enfant apprend \u00e0 se faire des amis et r\u00e9alise qu'on peut accomplir davantage ensemble que seul.<\/p>\t\t\t\t\t\t<\/div>\n\t\t\t\t<\/div>\n\t\t\t\t\t<\/div>\n\t\t<\/div>\n\t\t\t\t\t\t\t<\/div>\n\t\t<\/section>\n\t\t\t\t<section class=\"elementor-section elementor-top-section elementor-element elementor-element-07d0cc8 elementor-section-boxed elementor-section-height-default elementor-section-height-default\" data-id=\"07d0cc8\" data-element_type=\"section\">\n\t\t\t\t\t\t<div class=\"elementor-container elementor-column-gap-default\">\n\t\t\t\t\t<div class=\"elementor-column elementor-col-100 elementor-top-column elementor-element elementor-element-cde2fb9\" data-id=\"cde2fb9\" data-element_type=\"column\">\n\t\t\t<div class=\"elementor-widget-wrap elementor-element-populated\">\n\t\t\t\t\t\t\t\t<div class=\"elementor-element elementor-element-bd0f304 elementor-widget elementor-widget-spacer\" data-id=\"bd0f304\" data-element_type=\"widget\" data-widget_type=\"spacer.default\">\n\t\t\t\t<div class=\"elementor-widget-container\">\n\t\t\t<style>\/*! elementor - v3.16.0 - 09-10-2023 *\/\n.elementor-column .elementor-spacer-inner{height:var(--spacer-size)}.e-con{--container-widget-width:100%}.e-con-inner>.elementor-widget-spacer,.e-con>.elementor-widget-spacer{width:var(--container-widget-width,var(--spacer-size));--align-self:var(--container-widget-align-self,initial);--flex-shrink:0}.e-con-inner>.elementor-widget-spacer>.elementor-widget-container,.e-con>.elementor-widget-spacer>.elementor-widget-container{height:100%;width:100%}.e-con-inner>.elementor-widget-spacer>.elementor-widget-container>.elementor-spacer,.e-con>.elementor-widget-spacer>.elementor-widget-container>.elementor-spacer{height:100%}.e-con-inner>.elementor-widget-spacer>.elementor-widget-container>.elementor-spacer>.elementor-spacer-inner,.e-con>.elementor-widget-spacer>.elementor-widget-container>.elementor-spacer>.elementor-spacer-inner{height:var(--container-widget-height,var(--spacer-size))}.e-con-inner>.elementor-widget-spacer.elementor-widget-empty,.e-con>.elementor-widget-spacer.elementor-widget-empty{position:relative;min-height:22px;min-width:22px}.e-con-inner>.elementor-widget-spacer.elementor-widget-empty .elementor-widget-empty-icon,.e-con>.elementor-widget-spacer.elementor-widget-empty .elementor-widget-empty-icon{position:absolute;top:0;bottom:0;left:0;right:0;margin:auto;padding:0;width:22px;height:22px}<\/style>\t\t<div class=\"elementor-spacer\">\n\t\t\t<div class=\"elementor-spacer-inner\"><\/div>\n\t\t<\/div>\n\t\t\t\t<\/div>\n\t\t\t\t<\/div>\n\t\t\t\t\t<\/div>\n\t\t<\/div>\n\t\t\t\t\t\t\t<\/div>\n\t\t<\/section>\n\t\t\t\t\t\t\t<\/div>","protected":false},"excerpt":{"rendered":"<p>Geborgenheid Bij kinderdagverblijf &#8216;Wereld van warm&#8217; staat het welzijn van jullie kinderen voorop. We zorgen ervoor dat alle kinderen zich veilig en geborgen voelen bij ons. \u00a0 Warmte Onze verzorgers hebben veel ervaring met het werken met kinderen en maken er een prioriteit van om ervoor te zorgen dat uw kinderen een veilige, warme en [&hellip;]<\/p>","protected":false},"author":1,"featured_media":0,"parent":0,"menu_order":0,"comment_status":"closed","ping_status":"closed","template":"","meta":{"footnotes":""},"class_list":["post-17","page","type-page","status-publish","hentry"],"_links":{"self":[{"href":"https:\/\/wereldvanwarm.be\/fr\/wp-json\/wp\/v2\/pages\/17","targetHints":{"allow":["GET"]}}],"collection":[{"href":"https:\/\/wereldvanwarm.be\/fr\/wp-json\/wp\/v2\/pages"}],"about":[{"href":"https:\/\/wereldvanwarm.be\/fr\/wp-json\/wp\/v2\/types\/page"}],"author":[{"embeddable":true,"href":"https:\/\/wereldvanwarm.be\/fr\/wp-json\/wp\/v2\/users\/1"}],"replies":[{"embeddable":true,"href":"https:\/\/wereldvanwarm.be\/fr\/wp-json\/wp\/v2\/comments?post=17"}],"version-history":[{"count":46,"href":"https:\/\/wereldvanwarm.be\/fr\/wp-json\/wp\/v2\/pages\/17\/revisions"}],"predecessor-version":[{"id":943,"href":"https:\/\/wereldvanwarm.be\/fr\/wp-json\/wp\/v2\/pages\/17\/revisions\/943"}],"wp:attachment":[{"href":"https:\/\/wereldvanwarm.be\/fr\/wp-json\/wp\/v2\/media?parent=17"}],"curies":[{"name":"wp","href":"https:\/\/api.w.org\/{rel}","templated":true}]}}